{"id":65,"date":"2017-09-04T21:55:44","date_gmt":"2017-09-04T21:55:44","guid":{"rendered":"http:\/\/www.feldenkrais.bz.it\/?page_id=65"},"modified":"2025-01-13T21:23:18","modified_gmt":"2025-01-13T21:23:18","slug":"65-2","status":"publish","type":"page","link":"https:\/\/www.feldenkrais.bz.it\/index.php\/de\/65-2\/","title":{"rendered":"Margit Hrasdil"},"content":{"rendered":"<figure id=\"attachment_5\" aria-describedby=\"caption-attachment-5\" style=\"width: 300px\" class=\"wp-caption alignleft\"><img loading=\"lazy\" decoding=\"async\" class=\"wp-image-5 size-medium\" src=\"http:\/\/www.feldenkrais.bz.it\/wp-content\/uploads\/2015\/06\/dscn5800new-300x225.jpg\" alt=\"\" width=\"300\" height=\"225\" srcset=\"https:\/\/www.feldenkrais.bz.it\/wp-content\/uploads\/2015\/06\/dscn5800new-300x225.jpg 300w, https:\/\/www.feldenkrais.bz.it\/wp-content\/uploads\/2015\/06\/dscn5800new.jpg 800w\" sizes=\"auto, (max-width: 300px) 100vw, 300px\" \/><figcaption id=\"caption-attachment-5\" class=\"wp-caption-text\">foto Eleonora Gelmo<\/figcaption><\/figure>\n<p>Sportstudium (ISEF Bologna), \u00fcber 25 Jahre Lehrauftrag f\u00fcr den Unterricht in Leibeserziehung an Oberschule und Mittelschule; Leichtathletiktrainerin; international anerkannte Ausbildung zur Feldenkrais\u00ae-Lehrerin in England (Abschluss 1994).<\/p>\n<p>Seit 1994 Leitung von Seminaren, Gruppen\u2013 und Einzelunterricht mit Kindern und Erwachsenen.<\/p>\n<p>Spezialtraining in Israel unter der p\u00e4dagogischen Leitung von Chava Shelhav f\u00fcr Bewegungs-und Verhaltensentwicklung von Kindern, vierj\u00e4hrige Master-Class und &#8220;Bones for Life&#8221; (Osteoporose) -Ausbildung mit Ruthy Alon.<\/p>\n<p>Vier Jahre Vertreterin der Italienischen Feldenkrais-Gilde im EURO-TAB Council (Europarat f\u00fcr die Anerkennung und Kontrolle der Ausbildung) im Vorstand und als Pr\u00e4sidentin.<\/p>\n<div>In den Jahren 2000 bis 2013 studierte sie bei \u00a0der\u00a0Master Trainerin Mia Segal, der Lieblingsassistin von Dr. Moshe Feldenkrais und absolvierte und zertifizierte sich als Practitioner in Ihrer MBS Academy (<a class=\"\" href=\"http:\/\/www.mbsacademy.org\/\">www.mbsacademy.org<\/a>).<\/div>\n<div>Weiter arbeitete sie als \u00a0Assistant Trainer immer \u00a0mit Mia Segal und Leora Gaster \u00a0und seit dem Jahr 2014 unterrichtet sie als Trainerin In der Ausbildung .<\/div>\n<p><a href=\"http:\/\/www.mbsacademy.org\/blog\/entry\/margit-hrasdil\">http:\/\/www.mbsacademy.org\/blog\/entry\/margit-hrasdil<\/a><\/p>\n","protected":false},"excerpt":{"rendered":"<p>Sportstudium (ISEF Bologna), \u00fcber 25 Jahre Lehrauftrag f\u00fcr den Unterricht in Leibeserziehung an Oberschule und Mittelschule; Leichtathletiktrainerin; international anerkannte Ausbildung zur Feldenkrais\u00ae-Lehrerin in England (Abschluss 1994). Seit 1994 Leitung von Seminaren, Gruppen\u2013 und Einzelunterricht mit Kindern und Erwachsenen. Spezialtraining in Israel unter der p\u00e4dagogischen Leitung von Chava Shelhav f\u00fcr Bewegungs-und Verhaltensentwicklung von Kindern, vierj\u00e4hrige Master-Class &hellip; <\/p>\n<p class=\"link-more\"><a href=\"https:\/\/www.feldenkrais.bz.it\/index.php\/de\/65-2\/\" class=\"more-link\">Leggi tutto<span class=\"screen-reader-text\"> &#8220;Margit Hrasdil&#8221;<\/span><\/a><\/p>\n","protected":false},"author":1,"featured_media":0,"parent":0,"menu_order":1,"comment_status":"closed","ping_status":"closed","template":"","meta":{"footnotes":""},"class_list":["post-65","page","type-page","status-publish","hentry"],"_links":{"self":[{"href":"https:\/\/www.feldenkrais.bz.it\/index.php\/wp-json\/wp\/v2\/pages\/65","targetHints":{"allow":["GET"]}}],"collection":[{"href":"https:\/\/www.feldenkrais.bz.it\/index.php\/wp-json\/wp\/v2\/pages"}],"about":[{"href":"https:\/\/www.feldenkrais.bz.it\/index.php\/wp-json\/wp\/v2\/types\/page"}],"author":[{"embeddable":true,"href":"https:\/\/www.feldenkrais.bz.it\/index.php\/wp-json\/wp\/v2\/users\/1"}],"replies":[{"embeddable":true,"href":"https:\/\/www.feldenkrais.bz.it\/index.php\/wp-json\/wp\/v2\/comments?post=65"}],"version-history":[{"count":5,"href":"https:\/\/www.feldenkrais.bz.it\/index.php\/wp-json\/wp\/v2\/pages\/65\/revisions"}],"predecessor-version":[{"id":98,"href":"https:\/\/www.feldenkrais.bz.it\/index.php\/wp-json\/wp\/v2\/pages\/65\/revisions\/98"}],"wp:attachment":[{"href":"https:\/\/www.feldenkrais.bz.it\/index.php\/wp-json\/wp\/v2\/media?parent=65"}],"curies":[{"name":"wp","href":"https:\/\/api.w.org\/{rel}","templated":true}]}}